{"id":5009,"date":"2018-06-25T09:24:52","date_gmt":"2018-06-25T09:24:52","guid":{"rendered":"https:\/\/codesupply.co\/?page_id=3"},"modified":"2025-09-24T17:43:03","modified_gmt":"2025-09-24T15:43:03","slug":"politique-de-confidentialite-2","status":"publish","type":"page","link":"https:\/\/expatax.mt\/fr\/privacy-policy-2\/","title":{"rendered":"Politique de confidentialit\u00e9"},"content":{"rendered":"<p>Au <a href=\"https:\/\/expatax.mt\/fr\/\">https:\/\/expatax.mt<\/a>Nous respectons votre vie priv\u00e9e et nous nous engageons \u00e0 prot\u00e9ger les informations personnelles que vous partagez avec nous. La pr\u00e9sente politique de confidentialit\u00e9 explique comment nous collectons, utilisons, stockons et prot\u00e9geons vos donn\u00e9es lorsque vous utilisez notre site web.<\/p>\n<h2 id=\"who-we-are\" data-start=\"642\" data-end=\"657\">Qui sommes-nous ?<\/h2>\n<p data-start=\"658\" data-end=\"879\">L'adresse de notre site web est la suivante : <a class=\"decorated-link\" href=\"https:\/\/expatax.mt\/fr\/\" target=\"_new\" rel=\"noopener\" data-start=\"682\" data-end=\"722\">https:\/\/expatax.mt<\/a>.<\/p>\n<p data-start=\"658\" data-end=\"879\">Si vous avez des questions concernant cette politique, vous pouvez nous contacter \u00e0 l'adresse suivante <strong data-start=\"797\" data-end=\"816\"><a class=\"decorated-link cursor-pointer\" rel=\"noopener\" data-start=\"799\" data-end=\"814\">info@expatax.mt<\/a><\/strong> ou via notre <a class=\"decorated-link\" href=\"https:\/\/expatax.mt\/fr\/formulaire-de-contact\/\" target=\"_new\" rel=\"noopener\" data-start=\"828\" data-end=\"876\">Page de contact<\/a>.<\/p>\n<h2 id=\"what-data-we-collect\" data-start=\"881\" data-end=\"906\">Quelles sont les donn\u00e9es que nous recueillons ?<\/h2>\n<p data-start=\"907\" data-end=\"961\">Nous pouvons collecter les types de donn\u00e9es personnelles suivants :<\/p>\n<ul>\n<li data-start=\"964\" data-end=\"1075\"><strong data-start=\"964\" data-end=\"987\">Informations sur le contact<\/strong> - tels que le nom, l'adresse \u00e9lectronique et le num\u00e9ro de t\u00e9l\u00e9phone, lorsqu'ils sont soumis via notre formulaire de contact.<\/li>\n<li data-start=\"1078\" data-end=\"1199\"><strong data-start=\"1078\" data-end=\"1096\">Donn\u00e9es techniques<\/strong> - comme l'adresse IP, le type de navigateur et les informations sur l'appareil, \u00e0 des fins de s\u00e9curit\u00e9 et de contr\u00f4le des performances.<\/li>\n<li data-start=\"1202\" data-end=\"1303\"><strong data-start=\"1202\" data-end=\"1216\">Donn\u00e9es d'utilisation<\/strong> - des informations sur la fa\u00e7on dont vous utilisez notre site web, y compris les pages visit\u00e9es et le temps pass\u00e9.<\/li>\n<li data-start=\"1306\" data-end=\"1426\"><strong data-start=\"1306\" data-end=\"1341\">Cookies et technologies de suivi<\/strong> - de petits fichiers stock\u00e9s sur votre navigateur afin d'am\u00e9liorer la fonctionnalit\u00e9 et l'exp\u00e9rience de l'utilisateur.<\/li>\n<\/ul>\n<h2 id=\"how-we-use-your-data\" data-start=\"1428\" data-end=\"1453\">Comment nous utilisons vos donn\u00e9es<\/h2>\n<p data-start=\"1454\" data-end=\"1493\">Nous utilisons les informations que nous recueillons pour :<\/p>\n<ul>\n<li data-start=\"1496\" data-end=\"1559\">R\u00e9pondre \u00e0 vos demandes de renseignements soumises par l'interm\u00e9diaire de notre formulaire de contact.<\/li>\n<li data-start=\"1562\" data-end=\"1614\">Am\u00e9liorer la fonctionnalit\u00e9 du site web et l'exp\u00e9rience de l'utilisateur.<\/li>\n<li data-start=\"1617\" data-end=\"1672\">Surveiller et pr\u00e9venir les activit\u00e9s frauduleuses ou malveillantes.<\/li>\n<li data-start=\"1675\" data-end=\"1722\">Respecter les obligations l\u00e9gales et r\u00e9glementaires.<\/li>\n<\/ul>\n<p data-start=\"1724\" data-end=\"1797\">Nous le faisons <strong data-start=\"1730\" data-end=\"1737\">pas<\/strong> vendre, louer ou \u00e9changer vos donn\u00e9es personnelles avec des tiers.<\/p>\n<h2 id=\"cookies\" data-start=\"1799\" data-end=\"1811\">Cookies<\/h2>\n<p data-start=\"1812\" data-end=\"1842\">Notre site Internet utilise des cookies pour :<\/p>\n<ul>\n<li data-start=\"1845\" data-end=\"1873\">Souvenez-vous de vos pr\u00e9f\u00e9rences.<\/li>\n<li data-start=\"1876\" data-end=\"1904\">Fournir des dispositifs de s\u00e9curit\u00e9.<\/li>\n<li data-start=\"1907\" data-end=\"1943\">Analyser le trafic et l'utilisation du site web.<\/li>\n<\/ul>\n<p data-start=\"1945\" data-end=\"2006\">Vous pouvez g\u00e9rer ou d\u00e9sactiver les cookies dans les param\u00e8tres de votre navigateur.<\/p>\n<h2 id=\"embedded-content\" data-start=\"2008\" data-end=\"2029\">Contenu int\u00e9gr\u00e9<\/h2>\n<p data-start=\"2030\" data-end=\"2261\">Notre site web peut inclure du contenu int\u00e9gr\u00e9 (par exemple des vid\u00e9os, des cartes ou des articles) provenant d'autres sites web. Ces sites web tiers peuvent collecter des donn\u00e9es vous concernant, utiliser des cookies et suivre vos interactions comme si vous visitiez leur site directement.<\/p>\n<h2 id=\"data-retention\" data-start=\"2263\" data-end=\"2282\">Conservation des donn\u00e9es<\/h2>\n<ul>\n<li data-start=\"2285\" data-end=\"2377\">Les formulaires de contact sont conserv\u00e9s aussi longtemps que n\u00e9cessaire pour r\u00e9pondre \u00e0 votre demande.<\/li>\n<li data-start=\"2380\" data-end=\"2441\">Les donn\u00e9es d'analyse du site web peuvent \u00eatre conserv\u00e9es jusqu'\u00e0 24 mois.<\/li>\n<li data-start=\"2444\" data-end=\"2519\">Toute autre donn\u00e9e personnelle ne sera conserv\u00e9e que pendant la dur\u00e9e requise par la loi.<\/li>\n<\/ul>\n<h2 id=\"your-rights\" data-start=\"2521\" data-end=\"2537\">Vos droits<\/h2>\n<p data-start=\"2538\" data-end=\"2592\">En tant qu'utilisateur de l'UE sous <strong data-start=\"2558\" data-end=\"2566\">GDPR<\/strong>vous avez le droit de :<\/p>\n<ul>\n<li data-start=\"2595\" data-end=\"2640\">Acc\u00e9der aux donn\u00e9es personnelles que nous d\u00e9tenons \u00e0 votre sujet.<\/li>\n<li data-start=\"2643\" data-end=\"2689\">Demander la correction ou la suppression de vos donn\u00e9es.<\/li>\n<li data-start=\"2692\" data-end=\"2735\">S'opposer \u00e0 certains traitements ou les restreindre.<\/li>\n<li data-start=\"2738\" data-end=\"2776\">Retirer le consentement (le cas \u00e9ch\u00e9ant).<\/li>\n<li data-start=\"2779\" data-end=\"2830\">Demandez une copie de vos donn\u00e9es dans un format portable.<\/li>\n<\/ul>\n<p data-start=\"2832\" data-end=\"2894\">Pour exercer ces droits, contactez-nous \u00e0 l'adresse suivante <strong data-start=\"2872\" data-end=\"2891\"><a class=\"decorated-link cursor-pointer\" rel=\"noopener\" data-start=\"2874\" data-end=\"2889\">info@expatax.mt<\/a><\/strong>.<\/p>\n<h2 id=\"data-security\" data-start=\"2896\" data-end=\"2914\">S\u00e9curit\u00e9 des donn\u00e9es<\/h2>\n<p data-start=\"2915\" data-end=\"3045\">Nous mettons en \u0153uvre des mesures techniques et organisationnelles pour prot\u00e9ger vos donn\u00e9es personnelles contre l'acc\u00e8s non autoris\u00e9, la perte ou l'utilisation abusive.<\/p>\n<h2 id=\"third-party-services\" data-start=\"3047\" data-end=\"3072\">Services de tiers<\/h2>\n<p data-start=\"3073\" data-end=\"3245\">Nous pouvons utiliser des services tiers de confiance (tels que des fournisseurs d'h\u00e9bergement, des outils d'analyse et des services de d\u00e9tection de spam) qui traitent les donn\u00e9es en notre nom conform\u00e9ment au GDPR.<\/p>\n<h2 id=\"changes-to-this-policy\" data-start=\"3247\" data-end=\"3274\">Modifications de la pr\u00e9sente politique<\/h2>\n<p data-start=\"3275\" data-end=\"3407\">Nous nous r\u00e9servons le droit de mettre \u00e0 jour la pr\u00e9sente politique de confidentialit\u00e9 de temps \u00e0 autre.<\/p>\n\n\n<p><\/p>","protected":false},"excerpt":{"rendered":"At https:\/\/expatax.mt,\u00a0we respect your privacy and are committed to protecting the personal information you share with us. This&hellip;","protected":false},"author":1,"featured_media":0,"parent":0,"menu_order":0,"comment_status":"closed","ping_status":"open","template":"","meta":{"csco_singular_sidebar":"","csco_page_header_type":"","csco_appearance_masonry":"","csco_page_load_nextpost":"","csco_post_video_location":[],"csco_post_video_location_hash":"","csco_post_video_url":"","csco_post_video_bg_start_time":0,"csco_post_video_bg_end_time":0,"footnotes":""},"class_list":{"0":"post-5009","1":"page","2":"type-page","3":"status-publish","5":"cs-entry","6":"cs-video-wrap"},"_links":{"self":[{"href":"https:\/\/expatax.mt\/fr\/wp-json\/wp\/v2\/pages\/5009","targetHints":{"allow":["GET"]}}],"collection":[{"href":"https:\/\/expatax.mt\/fr\/wp-json\/wp\/v2\/pages"}],"about":[{"href":"https:\/\/expatax.mt\/fr\/wp-json\/wp\/v2\/types\/page"}],"author":[{"embeddable":true,"href":"https:\/\/expatax.mt\/fr\/wp-json\/wp\/v2\/users\/1"}],"replies":[{"embeddable":true,"href":"https:\/\/expatax.mt\/fr\/wp-json\/wp\/v2\/comments?post=5009"}],"version-history":[{"count":2,"href":"https:\/\/expatax.mt\/fr\/wp-json\/wp\/v2\/pages\/5009\/revisions"}],"predecessor-version":[{"id":9840,"href":"https:\/\/expatax.mt\/fr\/wp-json\/wp\/v2\/pages\/5009\/revisions\/9840"}],"wp:attachment":[{"href":"https:\/\/expatax.mt\/fr\/wp-json\/wp\/v2\/media?parent=5009"}],"curies":[{"name":"wp","href":"https:\/\/api.w.org\/{rel}","templated":true}]}}