{"id":5009,"date":"2018-06-25T09:24:52","date_gmt":"2018-06-25T09:24:52","guid":{"rendered":"https:\/\/codesupply.co\/?page_id=3"},"modified":"2025-09-24T17:43:03","modified_gmt":"2025-09-24T15:43:03","slug":"datenschutzrichtlinie-2","status":"publish","type":"page","link":"https:\/\/expatax.mt\/de\/privacy-policy-2\/","title":{"rendered":"Datenschutzbestimmungen"},"content":{"rendered":"<p>Unter <a href=\"https:\/\/expatax.mt\/de\/\">https:\/\/expatax.mt<\/a>Wir respektieren Ihre Privatsph\u00e4re und verpflichten uns, die pers\u00f6nlichen Daten, die Sie uns mitteilen, zu sch\u00fctzen. In dieser Datenschutzerkl\u00e4rung wird erl\u00e4utert, wie wir Ihre Daten erfassen, verwenden, speichern und sch\u00fctzen, wenn Sie unsere Website nutzen.<\/p>\n<h2 id=\"who-we-are\" data-start=\"642\" data-end=\"657\">Wer wir sind<\/h2>\n<p data-start=\"658\" data-end=\"879\">Unsere Website-Adresse lautet: <a class=\"decorated-link\" href=\"https:\/\/expatax.mt\/de\/\" target=\"_new\" rel=\"noopener\" data-start=\"682\" data-end=\"722\">https:\/\/expatax.mt<\/a>.<\/p>\n<p data-start=\"658\" data-end=\"879\">Wenn Sie Fragen zu dieser Politik haben, k\u00f6nnen Sie uns unter folgender Adresse erreichen <strong data-start=\"797\" data-end=\"816\"><a class=\"decorated-link cursor-pointer\" rel=\"noopener\" data-start=\"799\" data-end=\"814\">info@expatax.mt<\/a><\/strong> oder \u00fcber unser <a class=\"decorated-link\" href=\"https:\/\/expatax.mt\/de\/kontakt-formular\/\" target=\"_new\" rel=\"noopener\" data-start=\"828\" data-end=\"876\">Kontakt Seite<\/a>.<\/p>\n<h2 id=\"what-data-we-collect\" data-start=\"881\" data-end=\"906\">Welche Daten wir sammeln<\/h2>\n<p data-start=\"907\" data-end=\"961\">Wir k\u00f6nnen die folgenden Arten von personenbezogenen Daten erfassen:<\/p>\n<ul>\n<li data-start=\"964\" data-end=\"1075\"><strong data-start=\"964\" data-end=\"987\">Kontaktinformationen<\/strong> - wie Name, E-Mail-Adresse und Telefonnummer, wenn sie \u00fcber unser Kontaktformular \u00fcbermittelt werden.<\/li>\n<li data-start=\"1078\" data-end=\"1199\"><strong data-start=\"1078\" data-end=\"1096\">Technische Daten<\/strong> - wie z. B. IP-Adresse, Browsertyp und Ger\u00e4teinformationen, f\u00fcr die Sicherheits- und Leistungs\u00fcberwachung.<\/li>\n<li data-start=\"1202\" data-end=\"1303\"><strong data-start=\"1202\" data-end=\"1216\">Verwendungsdaten<\/strong> - Informationen dar\u00fcber, wie Sie unsere Website nutzen, einschlie\u00dflich der besuchten Seiten und der Verweildauer.<\/li>\n<li data-start=\"1306\" data-end=\"1426\"><strong data-start=\"1306\" data-end=\"1341\">Cookies und Tracking-Technologien<\/strong> - kleine Dateien, die in Ihrem Browser gespeichert werden, um die Funktionalit\u00e4t und Benutzerfreundlichkeit zu verbessern.<\/li>\n<\/ul>\n<h2 id=\"how-we-use-your-data\" data-start=\"1428\" data-end=\"1453\">Wie wir Ihre Daten verwenden<\/h2>\n<p data-start=\"1454\" data-end=\"1493\">Wir verwenden die von uns gesammelten Informationen, um:<\/p>\n<ul>\n<li data-start=\"1496\" data-end=\"1559\">Beantworten Sie Ihre Anfragen, die Sie \u00fcber unser Kontaktformular eingereicht haben.<\/li>\n<li data-start=\"1562\" data-end=\"1614\">Verbesserung der Website-Funktionalit\u00e4t und der Benutzerfreundlichkeit.<\/li>\n<li data-start=\"1617\" data-end=\"1672\">\u00dcberwachung und Verhinderung betr\u00fcgerischer oder b\u00f6sartiger Aktivit\u00e4ten.<\/li>\n<li data-start=\"1675\" data-end=\"1722\">Einhaltung der gesetzlichen und beh\u00f6rdlichen Verpflichtungen.<\/li>\n<\/ul>\n<p data-start=\"1724\" data-end=\"1797\">Wir tun <strong data-start=\"1730\" data-end=\"1737\">nicht<\/strong> Ihre personenbezogenen Daten an Dritte zu verkaufen, zu vermieten oder zu tauschen.<\/p>\n<h2 id=\"cookies\" data-start=\"1799\" data-end=\"1811\">Cookies<\/h2>\n<p data-start=\"1812\" data-end=\"1842\">Unsere Website verwendet Cookies, um:<\/p>\n<ul>\n<li data-start=\"1845\" data-end=\"1873\">Denken Sie an Ihre Vorlieben.<\/li>\n<li data-start=\"1876\" data-end=\"1904\">Bereitstellung von Sicherheitsfunktionen.<\/li>\n<li data-start=\"1907\" data-end=\"1943\">Analysieren Sie Website-Verkehr und -Nutzung.<\/li>\n<\/ul>\n<p data-start=\"1945\" data-end=\"2006\">Sie k\u00f6nnen Cookies in den Einstellungen Ihres Browsers verwalten oder deaktivieren.<\/p>\n<h2 id=\"embedded-content\" data-start=\"2008\" data-end=\"2029\">Eingebetteter Inhalt<\/h2>\n<p data-start=\"2030\" data-end=\"2261\">Unsere Website kann eingebettete Inhalte (z. B. Videos, Karten oder Artikel) von anderen Websites enthalten. Diese Websites von Drittanbietern k\u00f6nnen Daten \u00fcber Sie sammeln, Cookies verwenden und Ihre Interaktionen verfolgen, als ob Sie deren Website direkt besuchen w\u00fcrden.<\/p>\n<h2 id=\"data-retention\" data-start=\"2263\" data-end=\"2282\">Aufbewahrung von Daten<\/h2>\n<ul>\n<li data-start=\"2285\" data-end=\"2377\">Eingaben \u00fcber das Kontaktformular werden so lange gespeichert, wie es f\u00fcr die Beantwortung Ihrer Anfrage erforderlich ist.<\/li>\n<li data-start=\"2380\" data-end=\"2441\">Website-Analysedaten k\u00f6nnen bis zu 24 Monate lang gespeichert werden.<\/li>\n<li data-start=\"2444\" data-end=\"2519\">Alle anderen personenbezogenen Daten werden nur so lange aufbewahrt, wie dies gesetzlich vorgeschrieben ist.<\/li>\n<\/ul>\n<h2 id=\"your-rights\" data-start=\"2521\" data-end=\"2537\">Ihre Rechte<\/h2>\n<p data-start=\"2538\" data-end=\"2592\">Als EU-Nutzer unter <strong data-start=\"2558\" data-end=\"2566\">GDPR<\/strong>haben Sie das Recht dazu:<\/p>\n<ul>\n<li data-start=\"2595\" data-end=\"2640\">Zugang zu den personenbezogenen Daten, die wir \u00fcber Sie gespeichert haben.<\/li>\n<li data-start=\"2643\" data-end=\"2689\">die Berichtigung oder L\u00f6schung Ihrer Daten verlangen.<\/li>\n<li data-start=\"2692\" data-end=\"2735\">Widerspruch gegen eine bestimmte Verarbeitung einlegen oder diese einschr\u00e4nken.<\/li>\n<li data-start=\"2738\" data-end=\"2776\">R\u00fccknahme der Zustimmung (falls zutreffend).<\/li>\n<li data-start=\"2779\" data-end=\"2830\">Fordern Sie eine Kopie Ihrer Daten in einem portablen Format an.<\/li>\n<\/ul>\n<p data-start=\"2832\" data-end=\"2894\">Um diese Rechte auszu\u00fcben, kontaktieren Sie uns unter <strong data-start=\"2872\" data-end=\"2891\"><a class=\"decorated-link cursor-pointer\" rel=\"noopener\" data-start=\"2874\" data-end=\"2889\">info@expatax.mt<\/a><\/strong>.<\/p>\n<h2 id=\"data-security\" data-start=\"2896\" data-end=\"2914\">Datensicherheit<\/h2>\n<p data-start=\"2915\" data-end=\"3045\">Wir setzen technische und organisatorische Ma\u00dfnahmen ein, um Ihre personenbezogenen Daten vor unberechtigtem Zugriff, Verlust oder Missbrauch zu sch\u00fctzen.<\/p>\n<h2 id=\"third-party-services\" data-start=\"3047\" data-end=\"3072\">Dienstleistungen von Drittanbietern<\/h2>\n<p data-start=\"3073\" data-end=\"3245\">Wir k\u00f6nnen Dienste von vertrauensw\u00fcrdigen Drittanbietern in Anspruch nehmen (z. B. Hosting-Anbieter, Analysetools und Spam-Erkennungsdienste), die in unserem Auftrag Daten in \u00dcbereinstimmung mit der GDPR verarbeiten.<\/p>\n<h2 id=\"changes-to-this-policy\" data-start=\"3247\" data-end=\"3274\">\u00c4nderungen an dieser Politik<\/h2>\n<p data-start=\"3275\" data-end=\"3407\">Wir behalten uns das Recht vor, diese Datenschutzrichtlinie von Zeit zu Zeit zu aktualisieren.<\/p>\n\n\n<p><\/p>","protected":false},"excerpt":{"rendered":"Bei https:\/\/expatax.mt respektieren wir Ihre Privatsph\u00e4re und verpflichten uns, die pers\u00f6nlichen Daten, die Sie uns mitteilen, zu sch\u00fctzen. Dies...","protected":false},"author":1,"featured_media":0,"parent":0,"menu_order":0,"comment_status":"closed","ping_status":"open","template":"","meta":{"csco_singular_sidebar":"","csco_page_header_type":"","csco_appearance_masonry":"","csco_page_load_nextpost":"","csco_post_video_location":[],"csco_post_video_location_hash":"","csco_post_video_url":"","csco_post_video_bg_start_time":0,"csco_post_video_bg_end_time":0,"footnotes":""},"class_list":{"0":"post-5009","1":"page","2":"type-page","3":"status-publish","5":"cs-entry","6":"cs-video-wrap"},"_links":{"self":[{"href":"https:\/\/expatax.mt\/de\/wp-json\/wp\/v2\/pages\/5009","targetHints":{"allow":["GET"]}}],"collection":[{"href":"https:\/\/expatax.mt\/de\/wp-json\/wp\/v2\/pages"}],"about":[{"href":"https:\/\/expatax.mt\/de\/wp-json\/wp\/v2\/types\/page"}],"author":[{"embeddable":true,"href":"https:\/\/expatax.mt\/de\/wp-json\/wp\/v2\/users\/1"}],"replies":[{"embeddable":true,"href":"https:\/\/expatax.mt\/de\/wp-json\/wp\/v2\/comments?post=5009"}],"version-history":[{"count":2,"href":"https:\/\/expatax.mt\/de\/wp-json\/wp\/v2\/pages\/5009\/revisions"}],"predecessor-version":[{"id":9840,"href":"https:\/\/expatax.mt\/de\/wp-json\/wp\/v2\/pages\/5009\/revisions\/9840"}],"wp:attachment":[{"href":"https:\/\/expatax.mt\/de\/wp-json\/wp\/v2\/media?parent=5009"}],"curies":[{"name":"wp","href":"https:\/\/api.w.org\/{rel}","templated":true}]}}