{"id":5009,"date":"2018-06-25T09:24:52","date_gmt":"2018-06-25T09:24:52","guid":{"rendered":"https:\/\/codesupply.co\/?page_id=3"},"modified":"2025-09-24T17:43:03","modified_gmt":"2025-09-24T15:43:03","slug":"privatlivspolitik-2","status":"publish","type":"page","link":"https:\/\/expatax.mt\/da\/privacy-policy-2\/","title":{"rendered":"Privatlivspolitik"},"content":{"rendered":"<p>P\u00e5 <a href=\"https:\/\/expatax.mt\/da\/\">https:\/\/expatax.mt<\/a>Vi respekterer dit privatliv og er forpligtet til at beskytte de personlige oplysninger, du deler med os. Denne privatlivspolitik forklarer, hvordan vi indsamler, bruger, opbevarer og beskytter dine data, n\u00e5r du bruger vores hjemmeside.<\/p>\n<h2 id=\"who-we-are\" data-start=\"642\" data-end=\"657\">Hvem vi er<\/h2>\n<p data-start=\"658\" data-end=\"879\">Vores hjemmesideadresse er: <a class=\"decorated-link\" href=\"https:\/\/expatax.mt\/da\/\" target=\"_new\" rel=\"noopener\" data-start=\"682\" data-end=\"722\">https:\/\/expatax.mt<\/a>.<\/p>\n<p data-start=\"658\" data-end=\"879\">Hvis du har sp\u00f8rgsm\u00e5l til denne politik, kan du kontakte os p\u00e5 <strong data-start=\"797\" data-end=\"816\"><a class=\"decorated-link cursor-pointer\" rel=\"noopener\" data-start=\"799\" data-end=\"814\">info@expatax.mt<\/a><\/strong> eller via vores <a class=\"decorated-link\" href=\"https:\/\/expatax.mt\/da\/kontaktformular\/\" target=\"_new\" rel=\"noopener\" data-start=\"828\" data-end=\"876\">Kontakt side<\/a>.<\/p>\n<h2 id=\"what-data-we-collect\" data-start=\"881\" data-end=\"906\">Hvilke data vi indsamler<\/h2>\n<p data-start=\"907\" data-end=\"961\">Vi kan indsamle f\u00f8lgende typer af personoplysninger:<\/p>\n<ul>\n<li data-start=\"964\" data-end=\"1075\"><strong data-start=\"964\" data-end=\"987\">Kontaktoplysninger<\/strong> - s\u00e5som navn, e-mailadresse og telefonnummer, n\u00e5r de indsendes via vores kontaktformular.<\/li>\n<li data-start=\"1078\" data-end=\"1199\"><strong data-start=\"1078\" data-end=\"1096\">Tekniske data<\/strong> - s\u00e5som IP-adresse, browsertype og enhedsoplysninger, til overv\u00e5gning af sikkerhed og ydeevne.<\/li>\n<li data-start=\"1202\" data-end=\"1303\"><strong data-start=\"1202\" data-end=\"1216\">Brugsdata<\/strong> - oplysninger om, hvordan du bruger vores hjemmeside, herunder bes\u00f8gte sider og tidsforbrug.<\/li>\n<li data-start=\"1306\" data-end=\"1426\"><strong data-start=\"1306\" data-end=\"1341\">Cookies og sporingsteknologier<\/strong> - sm\u00e5 filer, der gemmes i din browser for at forbedre funktionaliteten og brugeroplevelsen.<\/li>\n<\/ul>\n<h2 id=\"how-we-use-your-data\" data-start=\"1428\" data-end=\"1453\">S\u00e5dan bruger vi dine data<\/h2>\n<p data-start=\"1454\" data-end=\"1493\">Vi bruger de oplysninger, vi indsamler, til at:<\/p>\n<ul>\n<li data-start=\"1496\" data-end=\"1559\">Svar p\u00e5 dine henvendelser via vores kontaktformular.<\/li>\n<li data-start=\"1562\" data-end=\"1614\">Forbedre hjemmesidens funktionalitet og brugeroplevelse.<\/li>\n<li data-start=\"1617\" data-end=\"1672\">Overv\u00e5g og forebyg svigagtig eller ondsindet aktivitet.<\/li>\n<li data-start=\"1675\" data-end=\"1722\">Overholde juridiske og lovgivningsm\u00e6ssige forpligtelser.<\/li>\n<\/ul>\n<p data-start=\"1724\" data-end=\"1797\">Det g\u00f8r vi <strong data-start=\"1730\" data-end=\"1737\">ikke<\/strong> s\u00e6lge, udleje eller bytte dine personlige data til tredjeparter.<\/p>\n<h2 id=\"cookies\" data-start=\"1799\" data-end=\"1811\">Sm\u00e5kager<\/h2>\n<p data-start=\"1812\" data-end=\"1842\">Vores hjemmeside bruger cookies til:<\/p>\n<ul>\n<li data-start=\"1845\" data-end=\"1873\">Husk dine pr\u00e6ferencer.<\/li>\n<li data-start=\"1876\" data-end=\"1904\">S\u00f8rg for sikkerhedsfunktioner.<\/li>\n<li data-start=\"1907\" data-end=\"1943\">Analyser trafik og brug af hjemmesiden.<\/li>\n<\/ul>\n<p data-start=\"1945\" data-end=\"2006\">Du kan administrere eller deaktivere cookies i dine browserindstillinger.<\/p>\n<h2 id=\"embedded-content\" data-start=\"2008\" data-end=\"2029\">Indlejret indhold<\/h2>\n<p data-start=\"2030\" data-end=\"2261\">Vores hjemmeside kan indeholde indlejret indhold (f.eks. videoer, kort eller artikler) fra andre hjemmesider. Disse tredjepartswebsteder kan indsamle data om dig, bruge cookies og spore dine interaktioner, som om du bes\u00f8gte deres websted direkte.<\/p>\n<h2 id=\"data-retention\" data-start=\"2263\" data-end=\"2282\">Opbevaring af data<\/h2>\n<ul>\n<li data-start=\"2285\" data-end=\"2377\">Indsendelser via kontaktformularer opbevares s\u00e5 l\u00e6nge, det er n\u00f8dvendigt for at besvare din henvendelse.<\/li>\n<li data-start=\"2380\" data-end=\"2441\">Webstedsanalysedata kan opbevares i op til 24 m\u00e5neder.<\/li>\n<li data-start=\"2444\" data-end=\"2519\">Alle andre personoplysninger vil kun blive opbevaret, s\u00e5 l\u00e6nge det er p\u00e5kr\u00e6vet i henhold til loven.<\/li>\n<\/ul>\n<h2 id=\"your-rights\" data-start=\"2521\" data-end=\"2537\">Dine rettigheder<\/h2>\n<p data-start=\"2538\" data-end=\"2592\">Som EU-bruger under <strong data-start=\"2558\" data-end=\"2566\">GDPR<\/strong>har du ret til:<\/p>\n<ul>\n<li data-start=\"2595\" data-end=\"2640\">F\u00e5 adgang til de personlige data, vi har om dig.<\/li>\n<li data-start=\"2643\" data-end=\"2689\">Anmod om rettelse eller sletning af dine data.<\/li>\n<li data-start=\"2692\" data-end=\"2735\">G\u00f8r indsigelse mod eller begr\u00e6ns visse former for behandling.<\/li>\n<li data-start=\"2738\" data-end=\"2776\">Tr\u00e6k samtykke tilbage (hvor det er relevant).<\/li>\n<li data-start=\"2779\" data-end=\"2830\">Anmod om en kopi af dine data i et b\u00e6rbart format.<\/li>\n<\/ul>\n<p data-start=\"2832\" data-end=\"2894\">For at ud\u00f8ve disse rettigheder skal du kontakte os p\u00e5 <strong data-start=\"2872\" data-end=\"2891\"><a class=\"decorated-link cursor-pointer\" rel=\"noopener\" data-start=\"2874\" data-end=\"2889\">info@expatax.mt<\/a><\/strong>.<\/p>\n<h2 id=\"data-security\" data-start=\"2896\" data-end=\"2914\">Datasikkerhed<\/h2>\n<p data-start=\"2915\" data-end=\"3045\">Vi implementerer tekniske og organisatoriske foranstaltninger for at beskytte dine personlige data mod uautoriseret adgang, tab eller misbrug.<\/p>\n<h2 id=\"third-party-services\" data-start=\"3047\" data-end=\"3072\">Tredjeparts tjenester<\/h2>\n<p data-start=\"3073\" data-end=\"3245\">Vi kan bruge p\u00e5lidelige tredjepartstjenester (f.eks. hostingudbydere, analysev\u00e6rkt\u00f8jer og spamdetekteringstjenester), der behandler data p\u00e5 vores vegne i overensstemmelse med GDPR.<\/p>\n<h2 id=\"changes-to-this-policy\" data-start=\"3247\" data-end=\"3274\">\u00c6ndringer af denne politik<\/h2>\n<p data-start=\"3275\" data-end=\"3407\">Vi forbeholder os ret til at opdatere denne privatlivspolitik fra tid til anden.<\/p>\n\n\n<p><\/p>","protected":false},"excerpt":{"rendered":"At https:\/\/expatax.mt,\u00a0we respect your privacy and are committed to protecting the personal information you share with us. This&hellip;","protected":false},"author":1,"featured_media":0,"parent":0,"menu_order":0,"comment_status":"closed","ping_status":"open","template":"","meta":{"csco_singular_sidebar":"","csco_page_header_type":"","csco_appearance_masonry":"","csco_page_load_nextpost":"","csco_post_video_location":[],"csco_post_video_location_hash":"","csco_post_video_url":"","csco_post_video_bg_start_time":0,"csco_post_video_bg_end_time":0,"footnotes":""},"class_list":{"0":"post-5009","1":"page","2":"type-page","3":"status-publish","5":"cs-entry","6":"cs-video-wrap"},"_links":{"self":[{"href":"https:\/\/expatax.mt\/da\/wp-json\/wp\/v2\/pages\/5009","targetHints":{"allow":["GET"]}}],"collection":[{"href":"https:\/\/expatax.mt\/da\/wp-json\/wp\/v2\/pages"}],"about":[{"href":"https:\/\/expatax.mt\/da\/wp-json\/wp\/v2\/types\/page"}],"author":[{"embeddable":true,"href":"https:\/\/expatax.mt\/da\/wp-json\/wp\/v2\/users\/1"}],"replies":[{"embeddable":true,"href":"https:\/\/expatax.mt\/da\/wp-json\/wp\/v2\/comments?post=5009"}],"version-history":[{"count":2,"href":"https:\/\/expatax.mt\/da\/wp-json\/wp\/v2\/pages\/5009\/revisions"}],"predecessor-version":[{"id":9840,"href":"https:\/\/expatax.mt\/da\/wp-json\/wp\/v2\/pages\/5009\/revisions\/9840"}],"wp:attachment":[{"href":"https:\/\/expatax.mt\/da\/wp-json\/wp\/v2\/media?parent=5009"}],"curies":[{"name":"wp","href":"https:\/\/api.w.org\/{rel}","templated":true}]}}